{"id":10218,"date":"2026-02-12T15:16:30","date_gmt":"2026-02-12T13:16:30","guid":{"rendered":"https:\/\/www.sjt.fi\/?page_id=10218"},"modified":"2026-02-24T13:28:39","modified_gmt":"2026-02-24T11:28:39","slug":"peltolab","status":"publish","type":"page","link":"https:\/\/www.sjt.fi\/?page_id=10218","title":{"rendered":"PeltoLab"},"content":{"rendered":"\t\t<div data-elementor-type=\"wp-page\" data-elementor-id=\"10218\" class=\"elementor elementor-10218\">\n\t\t\t\t\t\t<section class=\"elementor-section elementor-top-section elementor-element elementor-element-5916297 elementor-section-boxed elementor-section-height-default elementor-section-height-default\" data-id=\"5916297\" data-element_type=\"section\" data-e-type=\"section\">\n\t\t\t\t\t\t<div class=\"elementor-container elementor-column-gap-default\">\n\t\t\t\t\t<div class=\"elementor-column elementor-col-100 elementor-top-column elementor-element elementor-element-a6e7c4e\" data-id=\"a6e7c4e\" data-element_type=\"column\" data-e-type=\"column\">\n\t\t\t<div class=\"elementor-widget-wrap elementor-element-populated\">\n\t\t\t\t\t\t<div class=\"elementor-element elementor-element-40d0f55 elementor-widget elementor-widget-heading\" data-id=\"40d0f55\" data-element_type=\"widget\" data-e-type=\"widget\" data-widget_type=\"heading.default\">\n\t\t\t\t<div class=\"elementor-widget-container\">\n\t\t\t\t\t<h2 class=\"elementor-heading-title elementor-size-default\">PeltoLab - Liikuteltavien peltolaboratorioiden kehitt\u00e4minen, \ndemonstrointi ja k\u00e4ytt\u00f6<\/h2>\t\t\t\t<\/div>\n\t\t\t\t<\/div>\n\t\t\t\t<div class=\"elementor-element elementor-element-7399be0 elementor-widget elementor-widget-text-editor\" data-id=\"7399be0\" data-element_type=\"widget\" data-e-type=\"widget\" data-widget_type=\"text-editor.default\">\n\t\t\t\t<div class=\"elementor-widget-container\">\n\t\t\t\t\t\t\t\t\t<p>PeltoLab on Sokerijuurikkaan Tutkimuskeskuksen toteuttama yleishy\u00f6dyllinen ymp\u00e4rist\u00f6- ja ilmastoinvestointihanke, jonka tavoitteena on parantaa maaper\u00e4n ja kasvien tilan seurantaa sek\u00e4 tukea ilmastonmuutoksen hillint\u00e4\u00e4 ja siihen sopeutumista maataloudessa. Suomalaiset peltolohkot ovat rakenteeltaan ja ravinnetilaltaan vaihtelevia, mik\u00e4 vaikeuttaa lannoituksen optimointia ja ymp\u00e4rist\u00f6suunnitelmien toteuttamista. Kaupalliset analyysit ovat monesti liian kalliita kattaviin lohkokohtaisiin tutkimuksiin, ja lohkojen sis\u00e4inen vaihtelu j\u00e4\u00e4 usein tunnistamatta. T\u00e4m\u00e4 heikent\u00e4\u00e4 sek\u00e4 viljelyn ymp\u00e4rist\u00f6vaikutusten hallintaa ett\u00e4 taloudellista kannattavuutta.<\/p><p><img fetchpriority=\"high\" decoding=\"async\" class=\"wp-image-3799 alignleft\" src=\"https:\/\/www.sjt.fi\/wp-content\/uploads\/2022\/01\/IMG_20210504_144422-scaled-e1641988791705-768x1024.jpg\" alt=\"\" width=\"262\" height=\"350\" srcset=\"https:\/\/www.sjt.fi\/wp-content\/uploads\/2022\/01\/IMG_20210504_144422-scaled-e1641988791705-768x1024.jpg 768w, https:\/\/www.sjt.fi\/wp-content\/uploads\/2022\/01\/IMG_20210504_144422-scaled-e1641988791705-225x300.jpg 225w, https:\/\/www.sjt.fi\/wp-content\/uploads\/2022\/01\/IMG_20210504_144422-scaled-e1641988791705-1152x1536.jpg 1152w, https:\/\/www.sjt.fi\/wp-content\/uploads\/2022\/01\/IMG_20210504_144422-scaled-e1641988791705-1536x2048.jpg 1536w, https:\/\/www.sjt.fi\/wp-content\/uploads\/2022\/01\/IMG_20210504_144422-scaled-e1641988791705.jpg 1920w\" sizes=\"(max-width: 262px) 100vw, 262px\" \/><\/p><p>\u00a0<\/p><p>Hankkeen tavoitteena on testata ja vertailla markkinoilla olevien pikamittareiden luotettavuutta sek\u00e4 tuottaa selkeit\u00e4 ohjeita niiden k\u00e4yt\u00f6st\u00e4. Pikamittarit mahdollistavat lohkojen ongelmakohtien ja ravinnepuutosten havaitsemisen nopeasti, jolloin satotappioita voidaan ehk\u00e4ist\u00e4 ja tuotantopanoksia kohdentaa t\u00e4sm\u00e4llisemmin. T\u00e4m\u00e4 tukee viljelij\u00f6iden ilmasto- ja ymp\u00e4rist\u00f6suunnitelmia sek\u00e4 v\u00e4hent\u00e4\u00e4 ravinnekuormitusta vesist\u00f6ihin.<\/p><p>Hankkeessa rakennetaan kolme helposti siirrett\u00e4v\u00e4\u00e4 maa- ja kasvilaboratoriota: yksi laajemmin varusteltu opetus- ja demonstraatiok\u00e4ytt\u00f6\u00f6n sek\u00e4 kaksi suppeampaa yksikk\u00f6\u00e4 viljelij\u00f6iden ja neuvontaorganisaatioiden lainattaviksi. Oppilaitoksille suunnattu demonstraatiolaboratorio tarjoaa opiskelijoille mahdollisuuden harjoitella ajantasaisia mittausmenetelmi\u00e4 osana opetusta, mik\u00e4 vahvistaa tulevien viljelij\u00f6iden ja asiantuntijoiden osaamista. Laajempaa laboratoriota esitell\u00e4\u00e4n mm. pellonpiennartilaisuuksissa. Laboratorioiden k\u00e4yt\u00f6st\u00e4 tehd\u00e4\u00e4n opetusvideoita ja tietokortteja.<\/p><p>Hanke toteuttaa Euroopan maaseuturahaston toimenpidett\u00e4 Yleishy\u00f6dylliset ymp\u00e4rist\u00f6- ja ilmastoinvestoinnit Varsinais-Suomessa 1.1.2026\u201330.6.2027.\u00a0Hy\u00f6dynsaajina ovat viljelij\u00f6iden lis\u00e4ksi maatalousoppilaitokset, neuvontaorganisaatiot, viranomaiset sek\u00e4 muut maatalousalan toimijat, jotka saavat k\u00e4ytt\u00f6\u00f6ns\u00e4 uusia v\u00e4lineit\u00e4 ilmastoviisaiden ja ymp\u00e4rist\u00f6yst\u00e4v\u00e4llisten viljelyratkaisujen kehitt\u00e4miseen.<\/p>\t\t\t\t\t\t\t\t<\/div>\n\t\t\t\t<\/div>\n\t\t\t\t<div class=\"elementor-element elementor-element-436d036 elementor-widget elementor-widget-image\" data-id=\"436d036\" data-element_type=\"widget\" data-e-type=\"widget\" data-widget_type=\"image.default\">\n\t\t\t\t<div class=\"elementor-widget-container\">\n\t\t\t\t\t\t\t\t\t\t\t\t\t\t\t<img decoding=\"async\" width=\"300\" height=\"63\" src=\"https:\/\/www.sjt.fi\/wp-content\/uploads\/2025\/07\/FI-Euroopan-unionin-osarahoittama_PANTONE-300x63.jpg\" class=\"attachment-medium size-medium wp-image-9578\" alt=\"\" srcset=\"https:\/\/www.sjt.fi\/wp-content\/uploads\/2025\/07\/FI-Euroopan-unionin-osarahoittama_PANTONE-300x63.jpg 300w, https:\/\/www.sjt.fi\/wp-content\/uploads\/2025\/07\/FI-Euroopan-unionin-osarahoittama_PANTONE-1024x215.jpg 1024w, https:\/\/www.sjt.fi\/wp-content\/uploads\/2025\/07\/FI-Euroopan-unionin-osarahoittama_PANTONE-150x31.jpg 150w, https:\/\/www.sjt.fi\/wp-content\/uploads\/2025\/07\/FI-Euroopan-unionin-osarahoittama_PANTONE-768x161.jpg 768w, https:\/\/www.sjt.fi\/wp-content\/uploads\/2025\/07\/FI-Euroopan-unionin-osarahoittama_PANTONE-1536x322.jpg 1536w, https:\/\/www.sjt.fi\/wp-content\/uploads\/2025\/07\/FI-Euroopan-unionin-osarahoittama_PANTONE-2048x430.jpg 2048w\" sizes=\"(max-width: 300px) 100vw, 300px\" \/>\t\t\t\t\t\t\t\t\t\t\t\t\t\t\t<\/div>\n\t\t\t\t<\/div>\n\t\t\t\t\t<\/div>\n\t\t<\/div>\n\t\t\t\t\t<\/div>\n\t\t<\/section>\n\t\t\t\t<\/div>\n\t\t","protected":false},"excerpt":{"rendered":"<p>PeltoLab &#8211; Liikuteltavien peltolaboratorioiden kehitt\u00e4minen, demonstrointi ja k\u00e4ytt\u00f6 PeltoLab on Sokerijuurikkaan Tutkimuskeskuksen toteuttama yleishy\u00f6dyllinen ymp\u00e4rist\u00f6- ja ilmastoinvestointihanke, jonka tavoitteena on parantaa maaper\u00e4n ja kasvien tilan seurantaa sek\u00e4 tukea ilmastonmuutoksen hillint\u00e4\u00e4 [&hellip;]<\/p>\n","protected":false},"author":11,"featured_media":3799,"parent":0,"menu_order":0,"comment_status":"closed","ping_status":"closed","template":"","meta":{"_eb_attr":"","footnotes":""},"class_list":["post-10218","page","type-page","status-publish","has-post-thumbnail","hentry"],"_links":{"self":[{"href":"https:\/\/www.sjt.fi\/index.php?rest_route=\/wp\/v2\/pages\/10218","targetHints":{"allow":["GET"]}}],"collection":[{"href":"https:\/\/www.sjt.fi\/index.php?rest_route=\/wp\/v2\/pages"}],"about":[{"href":"https:\/\/www.sjt.fi\/index.php?rest_route=\/wp\/v2\/types\/page"}],"author":[{"embeddable":true,"href":"https:\/\/www.sjt.fi\/index.php?rest_route=\/wp\/v2\/users\/11"}],"replies":[{"embeddable":true,"href":"https:\/\/www.sjt.fi\/index.php?rest_route=%2Fwp%2Fv2%2Fcomments&post=10218"}],"version-history":[{"count":16,"href":"https:\/\/www.sjt.fi\/index.php?rest_route=\/wp\/v2\/pages\/10218\/revisions"}],"predecessor-version":[{"id":10286,"href":"https:\/\/www.sjt.fi\/index.php?rest_route=\/wp\/v2\/pages\/10218\/revisions\/10286"}],"wp:featuredmedia":[{"embeddable":true,"href":"https:\/\/www.sjt.fi\/index.php?rest_route=\/wp\/v2\/media\/3799"}],"wp:attachment":[{"href":"https:\/\/www.sjt.fi\/index.php?rest_route=%2Fwp%2Fv2%2Fmedia&parent=10218"}],"curies":[{"name":"wp","href":"https:\/\/api.w.org\/{rel}","templated":true}]}}