{"id":9729,"date":"2025-10-14T14:42:08","date_gmt":"2025-10-14T11:42:08","guid":{"rendered":"https:\/\/www.sjt.fi\/?page_id=9729"},"modified":"2025-10-15T13:33:21","modified_gmt":"2025-10-15T10:33:21","slug":"pedro","status":"publish","type":"page","link":"https:\/\/www.sjt.fi\/?page_id=9729","title":{"rendered":"PeDro"},"content":{"rendered":"\t\t<div data-elementor-type=\"wp-page\" data-elementor-id=\"9729\" class=\"elementor elementor-9729\">\n\t\t\t\t\t\t<section class=\"elementor-section elementor-top-section elementor-element elementor-element-2519dc5 elementor-section-boxed elementor-section-height-default elementor-section-height-default\" data-id=\"2519dc5\" data-element_type=\"section\" data-e-type=\"section\">\n\t\t\t\t\t\t<div class=\"elementor-container elementor-column-gap-default\">\n\t\t\t\t\t<div class=\"elementor-column elementor-col-100 elementor-top-column elementor-element elementor-element-56472f3\" data-id=\"56472f3\" data-element_type=\"column\" data-e-type=\"column\">\n\t\t\t<div class=\"elementor-widget-wrap elementor-element-populated\">\n\t\t\t\t\t\t<div class=\"elementor-element elementor-element-6a2d7be elementor-widget elementor-widget-image\" data-id=\"6a2d7be\" data-element_type=\"widget\" data-e-type=\"widget\" data-widget_type=\"image.default\">\n\t\t\t\t<div class=\"elementor-widget-container\">\n\t\t\t\t\t\t\t\t\t\t\t\t\t\t\t<img fetchpriority=\"high\" decoding=\"async\" width=\"800\" height=\"84\" src=\"https:\/\/www.sjt.fi\/wp-content\/uploads\/2025\/10\/Logopaketti.jpg\" class=\"attachment-large size-large wp-image-9740\" alt=\"\" srcset=\"https:\/\/www.sjt.fi\/wp-content\/uploads\/2025\/10\/Logopaketti.jpg 859w, https:\/\/www.sjt.fi\/wp-content\/uploads\/2025\/10\/Logopaketti-300x31.jpg 300w, https:\/\/www.sjt.fi\/wp-content\/uploads\/2025\/10\/Logopaketti-150x16.jpg 150w, https:\/\/www.sjt.fi\/wp-content\/uploads\/2025\/10\/Logopaketti-768x80.jpg 768w\" sizes=\"(max-width: 800px) 100vw, 800px\" \/>\t\t\t\t\t\t\t\t\t\t\t\t\t\t\t<\/div>\n\t\t\t\t<\/div>\n\t\t\t\t<div class=\"elementor-element elementor-element-fead77d elementor-widget elementor-widget-heading\" data-id=\"fead77d\" data-element_type=\"widget\" data-e-type=\"widget\" data-widget_type=\"heading.default\">\n\t\t\t\t<div class=\"elementor-widget-container\">\n\t\t\t\t\t<h2 class=\"elementor-heading-title elementor-size-default\">Peltorobotiikkaa ja drooneja -uusia menetelmi\u00e4 peltoviljelyyn (PeDro) -hanke<\/h2>\t\t\t\t<\/div>\n\t\t\t\t<\/div>\n\t\t\t\t\t<\/div>\n\t\t<\/div>\n\t\t\t\t\t<\/div>\n\t\t<\/section>\n\t\t\t\t<section class=\"elementor-section elementor-top-section elementor-element elementor-element-659d9c4 elementor-section-boxed elementor-section-height-default elementor-section-height-default\" data-id=\"659d9c4\" data-element_type=\"section\" data-e-type=\"section\">\n\t\t\t\t\t\t<div class=\"elementor-container elementor-column-gap-default\">\n\t\t\t\t\t<div class=\"elementor-column elementor-col-100 elementor-top-column elementor-element elementor-element-6315293\" data-id=\"6315293\" data-element_type=\"column\" data-e-type=\"column\">\n\t\t\t<div class=\"elementor-widget-wrap elementor-element-populated\">\n\t\t\t\t\t\t<div class=\"elementor-element elementor-element-3518509 elementor-widget elementor-widget-text-editor\" data-id=\"3518509\" data-element_type=\"widget\" data-e-type=\"widget\" data-widget_type=\"text-editor.default\">\n\t\t\t\t<div class=\"elementor-widget-container\">\n\t\t\t\t\t\t\t\t\t<ul><li>Toteuttajat: Sokerijuurikkaan Tutkimuskeskus (SjT) ja Ty\u00f6tehoseura (TTS)<\/li><li>Hankkeen kestoaika: 16.4.2025-31.12.2026, tukip\u00e4\u00e4t\u00f6s 8.7.2025<\/li><li>Hankkeen kohderyhm\u00e4n\u00e4 ovat Varsinais-Suomen ja Satakunnan alueiden kasvinviljelij\u00e4t, viljelyneuvojat ja maatalousalan asiantuntijat<\/li><li>Rahoitus: Varsinais-Suomen ja Satakunnan ELY-keskukset, Maaseuturahasto<\/li><\/ul><p>Hankkeen tavoitteena on edist\u00e4\u00e4 kest\u00e4vi\u00e4 uudistavia viljelymenetelmi\u00e4, v\u00e4hent\u00e4\u00e4 viljelyn ymp\u00e4rist\u00f6vaikutuksia sek\u00e4 lis\u00e4t\u00e4 tuotannon kannattavuutta ja resurssitehokkuutta. T\u00e4h\u00e4n pyrit\u00e4\u00e4n kokeiluilla ja tutkimustoiminnalla, joissa:<\/p><p><em>1) Toteutetaan viljelymenetelm\u00e4koe, jossa verrataan perinteist\u00e4 kylv\u00f6\u00e4 ja robottikylv\u00f6\u00e4 sek\u00e4 mekaanisia ja kemiallisia rikkakasvien torjuntamenetelmi\u00e4.<\/em><\/p><p><em>2) Testataan peltorobotille ja droonille soveltuvia lannoitusmenetelmi\u00e4.<\/em><\/p><p><em>3) Testataan drooniteknologiaa ja puomisadetuskonetta osana maatalouden konety\u00f6t\u00e4 ja t\u00e4sm\u00e4viljelyratkaisuja. <\/em><\/p><p><em>4) Toteutetaan FD 20 -peltorobotin t\u00e4sm\u00e4ruiskun testauspilotti. <\/em><\/p><p><em>5) Hankkeen pilottien kentt\u00e4havaintoja, kokemuksia ja tutkimustuloksia yhdistelem\u00e4ll\u00e4 laaditaan esimerkkiratkaisu ja siihen perustuva toimintamalli droonien ja peltorobotin potentiaalisista ty\u00f6ketjuista ja niiden k\u00e4ytt\u00f6mahdollisuuksista viljelyt\u00f6iss\u00e4 talouden n\u00e4k\u00f6kulma huomioiden.<\/em><\/p><p><strong><em><a href=\"https:\/\/www.sjt.fi\/?page_id=8183\">SATO-portaalista<\/a> l\u00f6yd\u00e4t mm. PeDro-hankkeen demoista tehtyj\u00e4 videotallenteita\u00a0 drooneista ja peltoroboteista.<\/em><\/strong><\/p><p>Lis\u00e4tiedot: sami.talola(at)sjt.fi<\/p><p>\u00a0<\/p>\t\t\t\t\t\t\t\t<\/div>\n\t\t\t\t<\/div>\n\t\t\t\t<div class=\"elementor-element elementor-element-17fec25 elementor-widget-tablet__width-initial elementor-widget elementor-widget-image\" data-id=\"17fec25\" data-element_type=\"widget\" data-e-type=\"widget\" data-widget_type=\"image.default\">\n\t\t\t\t<div class=\"elementor-widget-container\">\n\t\t\t\t\t\t\t\t\t\t\t\t\t\t\t<img decoding=\"async\" width=\"800\" height=\"600\" src=\"https:\/\/www.sjt.fi\/wp-content\/uploads\/2025\/10\/IMG20250417101945-1024x768.jpg\" class=\"attachment-large size-large wp-image-9737\" alt=\"\" srcset=\"https:\/\/www.sjt.fi\/wp-content\/uploads\/2025\/10\/IMG20250417101945-1024x768.jpg 1024w, https:\/\/www.sjt.fi\/wp-content\/uploads\/2025\/10\/IMG20250417101945-300x225.jpg 300w, https:\/\/www.sjt.fi\/wp-content\/uploads\/2025\/10\/IMG20250417101945-150x113.jpg 150w, https:\/\/www.sjt.fi\/wp-content\/uploads\/2025\/10\/IMG20250417101945-768x576.jpg 768w, https:\/\/www.sjt.fi\/wp-content\/uploads\/2025\/10\/IMG20250417101945-1536x1152.jpg 1536w, https:\/\/www.sjt.fi\/wp-content\/uploads\/2025\/10\/IMG20250417101945-2048x1536.jpg 2048w\" sizes=\"(max-width: 800px) 100vw, 800px\" \/>\t\t\t\t\t\t\t\t\t\t\t\t\t\t\t<\/div>\n\t\t\t\t<\/div>\n\t\t\t\t<div class=\"elementor-element elementor-element-e7e922f elementor-widget-tablet__width-initial elementor-widget elementor-widget-image\" data-id=\"e7e922f\" data-element_type=\"widget\" data-e-type=\"widget\" data-widget_type=\"image.default\">\n\t\t\t\t<div class=\"elementor-widget-container\">\n\t\t\t\t\t\t\t\t\t\t\t\t\t\t\t<img decoding=\"async\" width=\"800\" height=\"600\" src=\"https:\/\/www.sjt.fi\/wp-content\/uploads\/2025\/10\/IMG20250513131030-1024x768.jpg\" class=\"attachment-large size-large wp-image-9738\" alt=\"\" srcset=\"https:\/\/www.sjt.fi\/wp-content\/uploads\/2025\/10\/IMG20250513131030-1024x768.jpg 1024w, https:\/\/www.sjt.fi\/wp-content\/uploads\/2025\/10\/IMG20250513131030-300x225.jpg 300w, https:\/\/www.sjt.fi\/wp-content\/uploads\/2025\/10\/IMG20250513131030-150x113.jpg 150w, https:\/\/www.sjt.fi\/wp-content\/uploads\/2025\/10\/IMG20250513131030-768x576.jpg 768w, https:\/\/www.sjt.fi\/wp-content\/uploads\/2025\/10\/IMG20250513131030-1536x1152.jpg 1536w, https:\/\/www.sjt.fi\/wp-content\/uploads\/2025\/10\/IMG20250513131030-2048x1536.jpg 2048w\" sizes=\"(max-width: 800px) 100vw, 800px\" \/>\t\t\t\t\t\t\t\t\t\t\t\t\t\t\t<\/div>\n\t\t\t\t<\/div>\n\t\t\t\t<div class=\"elementor-element elementor-element-8260412 elementor-widget-tablet__width-initial elementor-widget elementor-widget-image\" data-id=\"8260412\" data-element_type=\"widget\" data-e-type=\"widget\" data-widget_type=\"image.default\">\n\t\t\t\t<div class=\"elementor-widget-container\">\n\t\t\t\t\t\t\t\t\t\t\t\t\t\t\t<img loading=\"lazy\" decoding=\"async\" width=\"800\" height=\"600\" src=\"https:\/\/www.sjt.fi\/wp-content\/uploads\/2025\/09\/IMG20250918110622-1024x768.jpg\" class=\"attachment-large size-large wp-image-9686\" alt=\"\" srcset=\"https:\/\/www.sjt.fi\/wp-content\/uploads\/2025\/09\/IMG20250918110622-1024x768.jpg 1024w, https:\/\/www.sjt.fi\/wp-content\/uploads\/2025\/09\/IMG20250918110622-300x225.jpg 300w, https:\/\/www.sjt.fi\/wp-content\/uploads\/2025\/09\/IMG20250918110622-150x113.jpg 150w, https:\/\/www.sjt.fi\/wp-content\/uploads\/2025\/09\/IMG20250918110622-768x576.jpg 768w, https:\/\/www.sjt.fi\/wp-content\/uploads\/2025\/09\/IMG20250918110622-1536x1152.jpg 1536w, https:\/\/www.sjt.fi\/wp-content\/uploads\/2025\/09\/IMG20250918110622-2048x1536.jpg 2048w\" sizes=\"(max-width: 800px) 100vw, 800px\" \/>\t\t\t\t\t\t\t\t\t\t\t\t\t\t\t<\/div>\n\t\t\t\t<\/div>\n\t\t\t\t\t<\/div>\n\t\t<\/div>\n\t\t\t\t\t<\/div>\n\t\t<\/section>\n\t\t\t\t<\/div>\n\t\t","protected":false},"excerpt":{"rendered":"<p>Peltorobotiikkaa ja drooneja -uusia menetelmi\u00e4 peltoviljelyyn (PeDro) -hanke Toteuttajat: Sokerijuurikkaan Tutkimuskeskus (SjT) ja Ty\u00f6tehoseura (TTS) Hankkeen kestoaika: 16.4.2025-31.12.2026, tukip\u00e4\u00e4t\u00f6s 8.7.2025 Hankkeen kohderyhm\u00e4n\u00e4 ovat Varsinais-Suomen ja Satakunnan alueiden kasvinviljelij\u00e4t, viljelyneuvojat ja [&hellip;]<\/p>\n","protected":false},"author":10,"featured_media":0,"parent":0,"menu_order":0,"comment_status":"closed","ping_status":"closed","template":"","meta":{"_eb_attr":"","footnotes":""},"class_list":["post-9729","page","type-page","status-publish","hentry"],"_links":{"self":[{"href":"https:\/\/www.sjt.fi\/index.php?rest_route=\/wp\/v2\/pages\/9729","targetHints":{"allow":["GET"]}}],"collection":[{"href":"https:\/\/www.sjt.fi\/index.php?rest_route=\/wp\/v2\/pages"}],"about":[{"href":"https:\/\/www.sjt.fi\/index.php?rest_route=\/wp\/v2\/types\/page"}],"author":[{"embeddable":true,"href":"https:\/\/www.sjt.fi\/index.php?rest_route=\/wp\/v2\/users\/10"}],"replies":[{"embeddable":true,"href":"https:\/\/www.sjt.fi\/index.php?rest_route=%2Fwp%2Fv2%2Fcomments&post=9729"}],"version-history":[{"count":11,"href":"https:\/\/www.sjt.fi\/index.php?rest_route=\/wp\/v2\/pages\/9729\/revisions"}],"predecessor-version":[{"id":10319,"href":"https:\/\/www.sjt.fi\/index.php?rest_route=\/wp\/v2\/pages\/9729\/revisions\/10319"}],"wp:attachment":[{"href":"https:\/\/www.sjt.fi\/index.php?rest_route=%2Fwp%2Fv2%2Fmedia&parent=9729"}],"curies":[{"name":"wp","href":"https:\/\/api.w.org\/{rel}","templated":true}]}}